{"id":8199,"date":"2024-07-21T13:21:24","date_gmt":"2024-07-21T13:21:24","guid":{"rendered":"http:\/\/keloniemi.fi\/?page_id=8199"},"modified":"2025-02-21T12:25:24","modified_gmt":"2025-02-21T12:25:24","slug":"directions","status":"publish","type":"page","link":"https:\/\/keloniemi.fi\/fi\/directions\/","title":{"rendered":"Reittiohjeet"},"content":{"rendered":"<div data-elementor-type=\"wp-page\" data-elementor-id=\"8199\" class=\"elementor elementor-8199\">\n\t\t\t\t<div class=\"elementor-element elementor-element-5fd186d e-flex e-con-boxed e-con e-parent\" data-id=\"5fd186d\" data-element_type=\"container\" data-e-type=\"container\">\n\t\t\t\t\t<div class=\"e-con-inner\">\n\t\t\t\t<div class=\"elementor-element elementor-element-3d963a6 elementor-widget elementor-widget-heading\" data-id=\"3d963a6\" data-element_type=\"widget\" data-e-type=\"widget\" data-widget_type=\"heading.default\">\n\t\t\t\t<div class=\"elementor-widget-container\">\n\t\t\t\t\t<h2 class=\"elementor-heading-title elementor-size-default\">DIRECTIONS<\/h2>\t\t\t\t<\/div>\n\t\t\t\t<\/div>\n\t\t\t\t\t<\/div>\n\t\t\t\t<\/div>\n\t\t<div class=\"elementor-element elementor-element-ea33c48 e-flex e-con-boxed e-con e-parent\" data-id=\"ea33c48\" data-element_type=\"container\" data-e-type=\"container\">\n\t\t\t\t\t<div class=\"e-con-inner\">\n\t\t<div class=\"elementor-element elementor-element-5ea8281 e-con-full e-flex e-con e-child\" data-id=\"5ea8281\" data-element_type=\"container\" data-e-type=\"container\">\n\t\t\t\t<div class=\"elementor-element elementor-element-272edc5 elementor-widget elementor-widget-heading\" data-id=\"272edc5\" data-element_type=\"widget\" data-e-type=\"widget\" data-widget_type=\"heading.default\">\n\t\t\t\t<div class=\"elementor-widget-container\">\n\t\t\t\t\t<h2 class=\"elementor-heading-title elementor-size-default\">.<\/h2>\t\t\t\t<\/div>\n\t\t\t\t<\/div>\n\t\t\t\t<div class=\"elementor-element elementor-element-e062fea elementor-widget elementor-widget-heading\" data-id=\"e062fea\" data-element_type=\"widget\" data-e-type=\"widget\" data-widget_type=\"heading.default\">\n\t\t\t\t<div class=\"elementor-widget-container\">\n\t\t\t\t\t<h2 class=\"elementor-heading-title elementor-size-default\">VIROSTA<\/h2>\t\t\t\t<\/div>\n\t\t\t\t<\/div>\n\t\t\t\t<div class=\"elementor-element elementor-element-e5d282d elementor-widget elementor-widget-text-editor\" data-id=\"e5d282d\" data-element_type=\"widget\" data-e-type=\"widget\" data-widget_type=\"text-editor.default\">\n\t\t\t\t<div class=\"elementor-widget-container\">\n\t\t\t\t\t\t\t\t\t<p>Kun tulet Tallinnasta, suosittelemme saapumista aamulaivalla ja omalla autolla. Jos haluat p\u00e4\u00e4st\u00e4 perille nopeasti ilman pys\u00e4hdyksi\u00e4, ajoaika on noin 4\u20135 tuntia \u2013 hyv\u00e4 hetki pit\u00e4\u00e4 yhteytt\u00e4 perheeseen ja yst\u00e4viin, kuunnella lempimusiikkia ja nauttia Suomen kauneudesta.<\/p><p>Suosittelemme kuitenkin pit\u00e4m\u00e4\u00e4n t\u00e4t\u00e4 p\u00e4iv\u00e4\u00e4 j\u00e4nnitt\u00e4v\u00e4n\u00e4 matkana ja tekem\u00e4\u00e4n muutaman pys\u00e4hdyksen.<\/p><p>Pys\u00e4hdys 1: Tampere \u2013 kaupunki, jossa on paljon ostoskeskuksia ja muita mielenkiintoisia kohteita. Siell\u00e4 voit helposti hoitaa tarvittavat ostokset ja muut asiat.<\/p><p>Pys\u00e4hdys 2: Alavus (www.visitalavus.fi) sijaitsee edelleen reitin varrella, ja siell\u00e4 on my\u00f6s Suomen suosituin ostoskeskus Kyl\u00e4kauppa (https:\/\/tuuri.fi), jota vierailee noin 6 miljoonaa ihmist\u00e4 vuodessa! Tekemist\u00e4 riitt\u00e4\u00e4 koko perheelle (kauppoja, ruokapaikkoja, Muumimaa, leikkipaikkoja jne.).<\/p><p>Viimeinen pys\u00e4hdys: Keloniemi - <b>Vain puolitoista tuntia, ja olet paratiisissa Evij\u00e4rven rannalla!<\/b><\/p>\t\t\t\t\t\t\t\t<\/div>\n\t\t\t\t<\/div>\n\t\t\t\t<div class=\"elementor-element elementor-element-ba6a6ee elementor-widget elementor-widget-kamperen_core_button\" data-id=\"ba6a6ee\" data-element_type=\"widget\" data-e-type=\"widget\" data-widget_type=\"kamperen_core_button.default\">\n\t\t\t\t<div class=\"elementor-widget-container\">\n\t\t\t\t\t<a class=\"qodef-shortcode qodef-m  qodef-button qodef-layout--filled  qodef-html--link\" href=\"https:\/\/www.google.com\/maps\/dir\/Helsingi,+Soome\/63.4075,23.436472\/@61.761825%201,21.7839533,7z\/data=!3m1!4b1!4m9!4m8!1m5!1m1!1s0x46920bc796210691:0xcd4%20ebd843be2f763!2m2!1d24.9383791!2d60.1698557!1m0!3e0?entry=ttu&#038;g_ep=Egoy%20MDI1MDIxMC4wIKXMDSoASAFQAw%3D%3D\" target=\"_blank\"  >\n\t<span class=\"qodef-m-text\">Hanki reittiohjeet<\/span>\n<\/a>\n\t\t\t\t<\/div>\n\t\t\t\t<\/div>\n\t\t\t\t<\/div>\n\t\t<div class=\"elementor-element elementor-element-30c10df e-con-full e-flex e-con e-child\" data-id=\"30c10df\" data-element_type=\"container\" data-e-type=\"container\">\n\t\t\t\t<div class=\"elementor-element elementor-element-e83257f elementor-widget elementor-widget-heading\" data-id=\"e83257f\" data-element_type=\"widget\" data-e-type=\"widget\" data-widget_type=\"heading.default\">\n\t\t\t\t<div class=\"elementor-widget-container\">\n\t\t\t\t\t<h2 class=\"elementor-heading-title elementor-size-default\">.<\/h2>\t\t\t\t<\/div>\n\t\t\t\t<\/div>\n\t\t\t\t<div class=\"elementor-element elementor-element-8357245 elementor-widget elementor-widget-heading\" data-id=\"8357245\" data-element_type=\"widget\" data-e-type=\"widget\" data-widget_type=\"heading.default\">\n\t\t\t\t<div class=\"elementor-widget-container\">\n\t\t\t\t\t<h2 class=\"elementor-heading-title elementor-size-default\">SUOMESTA<\/h2>\t\t\t\t<\/div>\n\t\t\t\t<\/div>\n\t\t\t\t<div class=\"elementor-element elementor-element-c09a11b elementor-widget elementor-widget-text-editor\" data-id=\"c09a11b\" data-element_type=\"widget\" data-e-type=\"widget\" data-widget_type=\"text-editor.default\">\n\t\t\t\t<div class=\"elementor-widget-container\">\n\t\t\t\t\t\t\t\t\t<p>Kun tulet Helsingist\u00e4, suosittelemme saapumista omalla autolla. Jos haluat p\u00e4\u00e4st\u00e4 perille nopeasti ilman pys\u00e4hdyksi\u00e4, ajoaika on noin 4\u20135 tuntia \u2013 hyv\u00e4 hetki pit\u00e4\u00e4 yhteytt\u00e4 perheeseen ja yst\u00e4viin, kuunnella lempimusiikkia ja nauttia Suomen kauneudesta.<\/p>\t\t\t\t\t\t\t\t<\/div>\n\t\t\t\t<\/div>\n\t\t\t\t<div class=\"elementor-element elementor-element-8cd5169 elementor-widget elementor-widget-kamperen_core_button\" data-id=\"8cd5169\" data-element_type=\"widget\" data-e-type=\"widget\" data-widget_type=\"kamperen_core_button.default\">\n\t\t\t\t<div class=\"elementor-widget-container\">\n\t\t\t\t\t<a class=\"qodef-shortcode qodef-m  qodef-button qodef-layout--filled  qodef-html--link\" href=\"https:\/\/www.google.com\/maps\/dir\/Helsingi,+Soome\/63.4075,23.436472\/@61.761825%201,21.7839533,7z\/data=!3m1!4b1!4m9!4m8!1m5!1m1!1s0x46920bc796210691:0xcd4%20ebd843be2f763!2m2!1d24.9383791!2d60.1698557!1m0!3e0?entry=ttu&#038;g_ep=Egoy%20MDI1MDIxMC4wIKXMDSoASAFQAw%3D%3D\" target=\"_blank\"  >\n\t<span class=\"qodef-m-text\">Hanki reittiohjeet<\/span>\n<\/a>\n\t\t\t\t<\/div>\n\t\t\t\t<\/div>\n\t\t\t\t<div class=\"elementor-element elementor-element-d09d8c5 elementor-widget elementor-widget-spacer\" data-id=\"d09d8c5\" data-element_type=\"widget\" data-e-type=\"widget\" data-widget_type=\"spacer.default\">\n\t\t\t\t<div class=\"elementor-widget-container\">\n\t\t\t\t\t\t\t<div class=\"elementor-spacer\">\n\t\t\t<div class=\"elementor-spacer-inner\"><\/div>\n\t\t<\/div>\n\t\t\t\t\t\t<\/div>\n\t\t\t\t<\/div>\n\t\t\t\t<div class=\"elementor-element elementor-element-4d6240b elementor-widget elementor-widget-heading\" data-id=\"4d6240b\" data-element_type=\"widget\" data-e-type=\"widget\" data-widget_type=\"heading.default\">\n\t\t\t\t<div class=\"elementor-widget-container\">\n\t\t\t\t\t<h2 class=\"elementor-heading-title elementor-size-default\">.<\/h2>\t\t\t\t<\/div>\n\t\t\t\t<\/div>\n\t\t\t\t<div class=\"elementor-element elementor-element-fa70e66 elementor-widget elementor-widget-heading\" data-id=\"fa70e66\" data-element_type=\"widget\" data-e-type=\"widget\" data-widget_type=\"heading.default\">\n\t\t\t\t<div class=\"elementor-widget-container\">\n\t\t\t\t\t<h2 class=\"elementor-heading-title elementor-size-default\">KAUEMPAA<\/h2>\t\t\t\t<\/div>\n\t\t\t\t<\/div>\n\t\t\t\t<div class=\"elementor-element elementor-element-78942a1 elementor-widget elementor-widget-text-editor\" data-id=\"78942a1\" data-element_type=\"widget\" data-e-type=\"widget\" data-widget_type=\"text-editor.default\">\n\t\t\t\t<div class=\"elementor-widget-container\">\n\t\t\t\t\t\t\t\t\t<p>Suosittelemme matkustamaan joko Helsinkiin ja\/tai ottamaan kotimaan lennon Vaasaan ja vuokraamaan auton p\u00e4\u00e4st\u00e4ksesi m\u00e4\u00e4r\u00e4np\u00e4\u00e4h\u00e4si. T\u00e4ll\u00e4 tavalla voit my\u00f6s tutustua kauniiseen L\u00e4nsi-Suomeen sek\u00e4 sen l\u00e4hialueiden aktiviteetteihin ja n\u00e4ht\u00e4vyyksiin lomasi aikana. Ajoaika Helsingist\u00e4 on noin 4\u20135 tuntia \u2013 hyv\u00e4 hetki pit\u00e4\u00e4 yhteytt\u00e4 perheeseen ja yst\u00e4viin, kuunnella lempimusiikkia ja nauttia Suomen kauneudesta.<\/p>\t\t\t\t\t\t\t\t<\/div>\n\t\t\t\t<\/div>\n\t\t\t\t<div class=\"elementor-element elementor-element-8502672 elementor-widget elementor-widget-kamperen_core_button\" data-id=\"8502672\" data-element_type=\"widget\" data-e-type=\"widget\" data-widget_type=\"kamperen_core_button.default\">\n\t\t\t\t<div class=\"elementor-widget-container\">\n\t\t\t\t\t<a class=\"qodef-shortcode qodef-m  qodef-button qodef-layout--filled  qodef-html--link\" href=\"https:\/\/maps.app.goo.gl\/serapvSNeGUcXACc6\" target=\"_blank\"  >\n\t<span class=\"qodef-m-text\">Hanki reittiohjeet<\/span>\n<\/a>\n\t\t\t\t<\/div>\n\t\t\t\t<\/div>\n\t\t\t\t<\/div>\n\t\t\t\t\t<\/div>\n\t\t\t\t<\/div>\n\t\t<div class=\"elementor-element elementor-element-b9ef326 e-flex e-con-boxed e-con e-parent\" data-id=\"b9ef326\" data-element_type=\"container\" data-e-type=\"container\">\n\t\t\t\t\t<div class=\"e-con-inner\">\n\t\t\t\t\t<\/div>\n\t\t\t\t<\/div>\n\t\t\t\t<\/div>","protected":false},"excerpt":{"rendered":"<p>DIRECTIONS From ESTONIA When coming from Tallinn, we recommend coming with the morning ferry and your own car. If you want to get there quickly, without stopping, the driving time is between 4-5 hours &#8211; a good time to communicate with family and friends, listen to your favorite music and enjoy the beauty of Finland. [&hellip;]<\/p>\n","protected":false},"author":1,"featured_media":0,"parent":0,"menu_order":0,"comment_status":"closed","ping_status":"closed","template":"","meta":{"footnotes":""},"class_list":["post-8199","page","type-page","status-publish","hentry"],"_links":{"self":[{"href":"https:\/\/keloniemi.fi\/fi\/wp-json\/wp\/v2\/pages\/8199","targetHints":{"allow":["GET"]}}],"collection":[{"href":"https:\/\/keloniemi.fi\/fi\/wp-json\/wp\/v2\/pages"}],"about":[{"href":"https:\/\/keloniemi.fi\/fi\/wp-json\/wp\/v2\/types\/page"}],"author":[{"embeddable":true,"href":"https:\/\/keloniemi.fi\/fi\/wp-json\/wp\/v2\/users\/1"}],"replies":[{"embeddable":true,"href":"https:\/\/keloniemi.fi\/fi\/wp-json\/wp\/v2\/comments?post=8199"}],"version-history":[{"count":5,"href":"https:\/\/keloniemi.fi\/fi\/wp-json\/wp\/v2\/pages\/8199\/revisions"}],"predecessor-version":[{"id":8855,"href":"https:\/\/keloniemi.fi\/fi\/wp-json\/wp\/v2\/pages\/8199\/revisions\/8855"}],"wp:attachment":[{"href":"https:\/\/keloniemi.fi\/fi\/wp-json\/wp\/v2\/media?parent=8199"}],"curies":[{"name":"wp","href":"https:\/\/api.w.org\/{rel}","templated":true}]}}